{"id":21115,"date":"2024-07-12T09:39:09","date_gmt":"2024-07-12T09:39:09","guid":{"rendered":"https:\/\/macbeth-matchmaking.com\/?page_id=21115"},"modified":"2025-01-09T15:01:31","modified_gmt":"2025-01-09T15:01:31","slug":"thank-you-page","status":"publish","type":"page","link":"https:\/\/macbeth-matchmaking.com\/fr\/thank-you-page\/","title":{"rendered":"Thank you page"},"content":{"rendered":"\t\t<div data-elementor-type=\"wp-page\" data-elementor-id=\"21115\" class=\"elementor elementor-21115 elementor-21099\">\n\t\t\t\t\t\t<section class=\"elementor-section elementor-top-section elementor-element elementor-element-992d07f elementor-section-height-full elementor-section-items-top elementor-section-boxed elementor-section-height-default\" data-id=\"992d07f\" data-element_type=\"section\" data-e-type=\"section\" data-settings=\"{&quot;background_background&quot;:&quot;classic&quot;}\">\n\t\t\t\t\t\t\t<div class=\"elementor-background-overlay\"><\/div>\n\t\t\t\t\t\t\t<div class=\"elementor-container elementor-column-gap-default\">\n\t\t\t\t\t<div class=\"elementor-column elementor-col-100 elementor-top-column elementor-element elementor-element-951b8b7\" data-id=\"951b8b7\" data-element_type=\"column\" data-e-type=\"column\">\n\t\t\t<div class=\"elementor-widget-wrap elementor-element-populated\">\n\t\t\t\t\t\t<section class=\"elementor-section elementor-inner-section elementor-element elementor-element-1c077e7 elementor-section-boxed elementor-section-height-default elementor-section-height-default\" data-id=\"1c077e7\" data-element_type=\"section\" data-e-type=\"section\">\n\t\t\t\t\t\t<div class=\"elementor-container elementor-column-gap-default\">\n\t\t\t\t\t<div class=\"elementor-column elementor-col-100 elementor-inner-column elementor-element elementor-element-8156616\" data-id=\"8156616\" data-element_type=\"column\" data-e-type=\"column\">\n\t\t\t<div class=\"elementor-widget-wrap elementor-element-populated\">\n\t\t\t\t\t\t<div class=\"elementor-element elementor-element-1adb1a2 elementor-widget elementor-widget-image\" data-id=\"1adb1a2\" data-element_type=\"widget\" data-e-type=\"widget\" data-widget_type=\"image.default\">\n\t\t\t\t<div class=\"elementor-widget-container\">\n\t\t\t\t\t\t\t\t\t\t\t\t\t\t\t<img fetchpriority=\"high\" decoding=\"async\" width=\"720\" height=\"249\" src=\"https:\/\/macbeth-matchmaking.com\/wp-content\/uploads\/2024\/07\/Logo-Macbeth-grey.png\" class=\"attachment-large size-large wp-image-21106\" alt=\"\" srcset=\"https:\/\/macbeth-matchmaking.com\/wp-content\/uploads\/2024\/07\/Logo-Macbeth-grey.png 720w, https:\/\/macbeth-matchmaking.com\/wp-content\/uploads\/2024\/07\/Logo-Macbeth-grey-300x104.png 300w\" sizes=\"(max-width: 720px) 100vw, 720px\" \/>\t\t\t\t\t\t\t\t\t\t\t\t\t\t\t<\/div>\n\t\t\t\t<\/div>\n\t\t\t\t\t<\/div>\n\t\t<\/div>\n\t\t\t\t\t<\/div>\n\t\t<\/section>\n\t\t\t\t<section class=\"elementor-section elementor-inner-section elementor-element elementor-element-013153d elementor-section-boxed elementor-section-height-default elementor-section-height-default\" data-id=\"013153d\" data-element_type=\"section\" data-e-type=\"section\">\n\t\t\t\t\t\t<div class=\"elementor-container elementor-column-gap-default\">\n\t\t\t\t\t<div class=\"elementor-column elementor-col-100 elementor-inner-column elementor-element elementor-element-2c5f523\" data-id=\"2c5f523\" data-element_type=\"column\" data-e-type=\"column\">\n\t\t\t<div class=\"elementor-widget-wrap elementor-element-populated\">\n\t\t\t\t\t\t<div class=\"elementor-element elementor-element-10ee3e7 elementor-widget elementor-widget-heading\" data-id=\"10ee3e7\" data-element_type=\"widget\" data-e-type=\"widget\" data-widget_type=\"heading.default\">\n\t\t\t\t<div class=\"elementor-widget-container\">\n\t\t\t\t\t<h1 class=\"elementor-heading-title elementor-size-default\">Merci de nous avoir contact\u00e9s<\/h1>\t\t\t\t<\/div>\n\t\t\t\t<\/div>\n\t\t\t\t<div class=\"elementor-element elementor-element-be935d0 elementor-widget__width-initial elementor-widget elementor-widget-heading\" data-id=\"be935d0\" data-element_type=\"widget\" data-e-type=\"widget\" data-widget_type=\"heading.default\">\n\t\t\t\t<div class=\"elementor-widget-container\">\n\t\t\t\t\t<p class=\"elementor-heading-title elementor-size-default\">Votre message a \u00e9t\u00e9 envoy\u00e9 avec succ\u00e8s. Un membre de notre \u00e9quipe vous contactera d\u00e8s que possible.\n<\/p>\t\t\t\t<\/div>\n\t\t\t\t<\/div>\n\t\t\t\t\t<\/div>\n\t\t<\/div>\n\t\t\t\t\t<\/div>\n\t\t<\/section>\n\t\t\t\t\t<\/div>\n\t\t<\/div>\n\t\t\t\t\t<\/div>\n\t\t<\/section>\n\t\t\t\t<section class=\"elementor-section elementor-top-section elementor-element elementor-element-ac5fa2a elementor-section-boxed elementor-section-height-default elementor-section-height-default\" data-id=\"ac5fa2a\" data-element_type=\"section\" data-e-type=\"section\">\n\t\t\t\t\t\t<div class=\"elementor-container elementor-column-gap-default\">\n\t\t\t\t\t<div class=\"elementor-column elementor-col-100 elementor-top-column elementor-element elementor-element-c00a4d7 elementor-hidden-desktop elementor-hidden-tablet elementor-hidden-mobile\" data-id=\"c00a4d7\" data-element_type=\"column\" data-e-type=\"column\">\n\t\t\t<div class=\"elementor-widget-wrap elementor-element-populated\">\n\t\t\t\t\t\t<div class=\"elementor-element elementor-element-1b6f22e elementor-widget elementor-widget-html\" data-id=\"1b6f22e\" data-element_type=\"widget\" data-e-type=\"widget\" data-widget_type=\"html.default\">\n\t\t\t\t<div class=\"elementor-widget-container\">\n\t\t\t\t\t<script type=\"text\/javascript\">\n    jQuery(\".navbar\").remove();\n    jQuery(\".florya-mob-menu-wrapper\").remove();\nsetTimeout(function() {\n    jQuery(\".footer\").remove();\n}, 500);\n<\/script>\t\t\t\t<\/div>\n\t\t\t\t<\/div>\n\t\t\t\t\t<\/div>\n\t\t<\/div>\n\t\t\t\t\t<\/div>\n\t\t<\/section>\n\t\t\t\t<\/div>\n\t\t","protected":false},"excerpt":{"rendered":"<p>Merci de nous avoir contact\u00e9s Votre message a \u00e9t\u00e9 envoy\u00e9 avec succ\u00e8s. Un membre de notre \u00e9quipe vous contactera d\u00e8s que possible.<\/p>\n","protected":false},"author":1,"featured_media":0,"parent":0,"menu_order":0,"comment_status":"closed","ping_status":"closed","template":"","meta":{"_acf_changed":false,"footnotes":""},"class_list":["post-21115","page","type-page","status-publish","hentry"],"acf":[],"yoast_head":"<!-- This site is optimized with the Yoast SEO plugin v26.9 - https:\/\/yoast.com\/product\/yoast-seo-wordpress\/ -->\n<title>Agence de rencontres Macbeth Matchmaking<\/title>\n<meta name=\"description\" content=\"Macbeth Matchmaking is an International Dating Agency and Exclusive Matchmaking Agency. We provide professional introduction dating services.\" \/>\n<meta name=\"robots\" content=\"index, follow, max-snippet:-1, max-image-preview:large, max-video-preview:-1\" \/>\n<link rel=\"canonical\" href=\"https:\/\/macbeth-matchmaking.com\/fr\/thank-you-page\/\" \/>\n<meta property=\"og:locale\" content=\"fr_FR\" \/>\n<meta property=\"og:type\" content=\"article\" \/>\n<meta property=\"og:title\" content=\"Agence de rencontres Macbeth Matchmaking\" \/>\n<meta property=\"og:description\" content=\"Macbeth Matchmaking is an International Dating Agency and Exclusive Matchmaking Agency. We provide professional introduction dating services.\" \/>\n<meta property=\"og:url\" content=\"https:\/\/macbeth-matchmaking.com\/fr\/thank-you-page\/\" \/>\n<meta property=\"og:site_name\" content=\"Macbeth\" \/>\n<meta property=\"article:modified_time\" content=\"2025-01-09T15:01:31+00:00\" \/>\n<meta property=\"og:image\" content=\"https:\/\/macbeth-matchmaking.com\/wp-content\/uploads\/2024\/07\/Logo-Macbeth-grey.png\" \/>\n<meta name=\"twitter:card\" content=\"summary_large_image\" \/>\n<meta name=\"twitter:label1\" content=\"Dur\u00e9e de lecture estim\u00e9e\" \/>\n\t<meta name=\"twitter:data1\" content=\"1 minute\" \/>\n<!-- \/ Yoast SEO plugin. -->","yoast_head_json":{"title":"Agence de rencontres Macbeth Matchmaking","description":"Macbeth Matchmaking is an International Dating Agency and Exclusive Matchmaking Agency. We provide professional introduction dating services.","robots":{"index":"index","follow":"follow","max-snippet":"max-snippet:-1","max-image-preview":"max-image-preview:large","max-video-preview":"max-video-preview:-1"},"canonical":"https:\/\/macbeth-matchmaking.com\/fr\/thank-you-page\/","og_locale":"fr_FR","og_type":"article","og_title":"Agence de rencontres Macbeth Matchmaking","og_description":"Macbeth Matchmaking is an International Dating Agency and Exclusive Matchmaking Agency. We provide professional introduction dating services.","og_url":"https:\/\/macbeth-matchmaking.com\/fr\/thank-you-page\/","og_site_name":"Macbeth","article_modified_time":"2025-01-09T15:01:31+00:00","og_image":[{"url":"https:\/\/macbeth-matchmaking.com\/wp-content\/uploads\/2024\/07\/Logo-Macbeth-grey.png","type":"","width":"","height":""}],"twitter_card":"summary_large_image","twitter_misc":{"Dur\u00e9e de lecture estim\u00e9e":"1 minute"},"schema":{"@context":"https:\/\/schema.org","@graph":[{"@type":"WebPage","@id":"https:\/\/macbeth-matchmaking.com\/fr\/thank-you-page\/","url":"https:\/\/macbeth-matchmaking.com\/fr\/thank-you-page\/","name":"Agence de rencontres Macbeth Matchmaking","isPartOf":{"@id":"https:\/\/macbeth-matchmaking.com\/fr\/#website"},"primaryImageOfPage":{"@id":"https:\/\/macbeth-matchmaking.com\/fr\/thank-you-page\/#primaryimage"},"image":{"@id":"https:\/\/macbeth-matchmaking.com\/fr\/thank-you-page\/#primaryimage"},"thumbnailUrl":"https:\/\/macbeth-matchmaking.com\/wp-content\/uploads\/2024\/07\/Logo-Macbeth-grey.png","datePublished":"2024-07-12T09:39:09+00:00","dateModified":"2025-01-09T15:01:31+00:00","description":"Macbeth Matchmaking is an International Dating Agency and Exclusive Matchmaking Agency. We provide professional introduction dating services.","breadcrumb":{"@id":"https:\/\/macbeth-matchmaking.com\/fr\/thank-you-page\/#breadcrumb"},"inLanguage":"fr-FR","potentialAction":[{"@type":"ReadAction","target":["https:\/\/macbeth-matchmaking.com\/fr\/thank-you-page\/"]}]},{"@type":"ImageObject","inLanguage":"fr-FR","@id":"https:\/\/macbeth-matchmaking.com\/fr\/thank-you-page\/#primaryimage","url":"https:\/\/macbeth-matchmaking.com\/wp-content\/uploads\/2024\/07\/Logo-Macbeth-grey.png","contentUrl":"https:\/\/macbeth-matchmaking.com\/wp-content\/uploads\/2024\/07\/Logo-Macbeth-grey.png"},{"@type":"BreadcrumbList","@id":"https:\/\/macbeth-matchmaking.com\/fr\/thank-you-page\/#breadcrumb","itemListElement":[{"@type":"ListItem","position":1,"name":"Home","item":"https:\/\/macbeth-matchmaking.com\/fr\/"},{"@type":"ListItem","position":2,"name":"Thank you page"}]},{"@type":"WebSite","@id":"https:\/\/macbeth-matchmaking.com\/fr\/#website","url":"https:\/\/macbeth-matchmaking.com\/fr\/","name":"Macbeth","description":"MATCHMAKING","potentialAction":[{"@type":"SearchAction","target":{"@type":"EntryPoint","urlTemplate":"https:\/\/macbeth-matchmaking.com\/fr\/?s={search_term_string}"},"query-input":{"@type":"PropertyValueSpecification","valueRequired":true,"valueName":"search_term_string"}}],"inLanguage":"fr-FR"}]}},"meta_box":[],"_links":{"self":[{"href":"https:\/\/macbeth-matchmaking.com\/fr\/wp-json\/wp\/v2\/pages\/21115","targetHints":{"allow":["GET"]}}],"collection":[{"href":"https:\/\/macbeth-matchmaking.com\/fr\/wp-json\/wp\/v2\/pages"}],"about":[{"href":"https:\/\/macbeth-matchmaking.com\/fr\/wp-json\/wp\/v2\/types\/page"}],"author":[{"embeddable":true,"href":"https:\/\/macbeth-matchmaking.com\/fr\/wp-json\/wp\/v2\/users\/1"}],"replies":[{"embeddable":true,"href":"https:\/\/macbeth-matchmaking.com\/fr\/wp-json\/wp\/v2\/comments?post=21115"}],"version-history":[{"count":2,"href":"https:\/\/macbeth-matchmaking.com\/fr\/wp-json\/wp\/v2\/pages\/21115\/revisions"}],"predecessor-version":[{"id":31078,"href":"https:\/\/macbeth-matchmaking.com\/fr\/wp-json\/wp\/v2\/pages\/21115\/revisions\/31078"}],"wp:attachment":[{"href":"https:\/\/macbeth-matchmaking.com\/fr\/wp-json\/wp\/v2\/media?parent=21115"}],"curies":[{"name":"wp","href":"https:\/\/api.w.org\/{rel}","templated":true}]}}