{"id":56752,"date":"2025-08-21T11:56:22","date_gmt":"2025-08-21T11:56:22","guid":{"rendered":"https:\/\/macbeth-matchmaking.com\/author\/"},"modified":"2025-09-26T10:42:07","modified_gmt":"2025-09-26T10:42:07","slug":"author","status":"publish","type":"page","link":"https:\/\/macbeth-matchmaking.com\/fr\/author\/","title":{"rendered":"Author"},"content":{"rendered":"","protected":false},"excerpt":{"rendered":"","protected":false},"author":1,"featured_media":0,"parent":0,"menu_order":0,"comment_status":"closed","ping_status":"closed","template":"","meta":{"_acf_changed":false,"footnotes":""},"class_list":["post-56752","page","type-page","status-publish","hentry"],"acf":[],"yoast_head":"<!-- This site is optimized with the Yoast SEO plugin v26.9 - https:\/\/yoast.com\/product\/yoast-seo-wordpress\/ -->\n<title>D\u00e9couvrez les esprits cr\u00e9atifs derri\u00e8re Macbeth Matchmaking<\/title>\n<meta name=\"description\" content=\"D\u00e9couvrez les auteurs derri\u00e8re Macbeth Matchmaking. Leur vision, leur exp\u00e9rience et leur approche unique du monde du matchmaking en un seul clic.\" \/>\n<meta name=\"robots\" content=\"index, follow, max-snippet:-1, max-image-preview:large, max-video-preview:-1\" \/>\n<link rel=\"canonical\" href=\"https:\/\/macbeth-matchmaking.com\/fr\/author\/\" \/>\n<meta property=\"og:locale\" content=\"fr_FR\" \/>\n<meta property=\"og:type\" content=\"article\" \/>\n<meta property=\"og:title\" content=\"D\u00e9couvrez les esprits cr\u00e9atifs derri\u00e8re Macbeth Matchmaking\" \/>\n<meta property=\"og:description\" content=\"D\u00e9couvrez les auteurs derri\u00e8re Macbeth Matchmaking. Leur vision, leur exp\u00e9rience et leur approche unique du monde du matchmaking en un seul clic.\" \/>\n<meta property=\"og:url\" content=\"https:\/\/macbeth-matchmaking.com\/fr\/author\/\" \/>\n<meta property=\"og:site_name\" content=\"Macbeth\" \/>\n<meta property=\"article:modified_time\" content=\"2025-09-26T10:42:07+00:00\" \/>\n<meta name=\"twitter:card\" content=\"summary_large_image\" \/>\n<!-- \/ Yoast SEO plugin. -->","yoast_head_json":{"title":"D\u00e9couvrez les esprits cr\u00e9atifs derri\u00e8re Macbeth Matchmaking","description":"D\u00e9couvrez les auteurs derri\u00e8re Macbeth Matchmaking. Leur vision, leur exp\u00e9rience et leur approche unique du monde du matchmaking en un seul clic.","robots":{"index":"index","follow":"follow","max-snippet":"max-snippet:-1","max-image-preview":"max-image-preview:large","max-video-preview":"max-video-preview:-1"},"canonical":"https:\/\/macbeth-matchmaking.com\/fr\/author\/","og_locale":"fr_FR","og_type":"article","og_title":"D\u00e9couvrez les esprits cr\u00e9atifs derri\u00e8re Macbeth Matchmaking","og_description":"D\u00e9couvrez les auteurs derri\u00e8re Macbeth Matchmaking. Leur vision, leur exp\u00e9rience et leur approche unique du monde du matchmaking en un seul clic.","og_url":"https:\/\/macbeth-matchmaking.com\/fr\/author\/","og_site_name":"Macbeth","article_modified_time":"2025-09-26T10:42:07+00:00","twitter_card":"summary_large_image","schema":{"@context":"https:\/\/schema.org","@graph":[{"@type":"WebPage","@id":"https:\/\/macbeth-matchmaking.com\/fr\/author\/","url":"https:\/\/macbeth-matchmaking.com\/fr\/author\/","name":"D\u00e9couvrez les esprits cr\u00e9atifs derri\u00e8re Macbeth Matchmaking","isPartOf":{"@id":"https:\/\/macbeth-matchmaking.com\/fr\/#website"},"datePublished":"2025-08-21T11:56:22+00:00","dateModified":"2025-09-26T10:42:07+00:00","description":"D\u00e9couvrez les auteurs derri\u00e8re Macbeth Matchmaking. Leur vision, leur exp\u00e9rience et leur approche unique du monde du matchmaking en un seul clic.","breadcrumb":{"@id":"https:\/\/macbeth-matchmaking.com\/fr\/author\/#breadcrumb"},"inLanguage":"fr-FR","potentialAction":[{"@type":"ReadAction","target":["https:\/\/macbeth-matchmaking.com\/fr\/author\/"]}]},{"@type":"BreadcrumbList","@id":"https:\/\/macbeth-matchmaking.com\/fr\/author\/#breadcrumb","itemListElement":[{"@type":"ListItem","position":1,"name":"Home","item":"https:\/\/macbeth-matchmaking.com\/fr\/"},{"@type":"ListItem","position":2,"name":"Author"}]},{"@type":"WebSite","@id":"https:\/\/macbeth-matchmaking.com\/fr\/#website","url":"https:\/\/macbeth-matchmaking.com\/fr\/","name":"Macbeth","description":"MATCHMAKING","potentialAction":[{"@type":"SearchAction","target":{"@type":"EntryPoint","urlTemplate":"https:\/\/macbeth-matchmaking.com\/fr\/?s={search_term_string}"},"query-input":{"@type":"PropertyValueSpecification","valueRequired":true,"valueName":"search_term_string"}}],"inLanguage":"fr-FR"}]}},"meta_box":[],"_links":{"self":[{"href":"https:\/\/macbeth-matchmaking.com\/fr\/wp-json\/wp\/v2\/pages\/56752","targetHints":{"allow":["GET"]}}],"collection":[{"href":"https:\/\/macbeth-matchmaking.com\/fr\/wp-json\/wp\/v2\/pages"}],"about":[{"href":"https:\/\/macbeth-matchmaking.com\/fr\/wp-json\/wp\/v2\/types\/page"}],"author":[{"embeddable":true,"href":"https:\/\/macbeth-matchmaking.com\/fr\/wp-json\/wp\/v2\/users\/1"}],"replies":[{"embeddable":true,"href":"https:\/\/macbeth-matchmaking.com\/fr\/wp-json\/wp\/v2\/comments?post=56752"}],"version-history":[{"count":1,"href":"https:\/\/macbeth-matchmaking.com\/fr\/wp-json\/wp\/v2\/pages\/56752\/revisions"}],"predecessor-version":[{"id":56756,"href":"https:\/\/macbeth-matchmaking.com\/fr\/wp-json\/wp\/v2\/pages\/56752\/revisions\/56756"}],"wp:attachment":[{"href":"https:\/\/macbeth-matchmaking.com\/fr\/wp-json\/wp\/v2\/media?parent=56752"}],"curies":[{"name":"wp","href":"https:\/\/api.w.org\/{rel}","templated":true}]}}