{"id":6303,"date":"2023-06-22T07:02:53","date_gmt":"2023-06-22T07:02:53","guid":{"rendered":"https:\/\/qa-macbeth-new.qamoon.es\/nous-contacter\/"},"modified":"2025-01-09T14:59:37","modified_gmt":"2025-01-09T14:59:37","slug":"nous-contacter","status":"publish","type":"page","link":"https:\/\/macbeth-matchmaking.com\/fr\/nous-contacter\/","title":{"rendered":"Nous Contacter"},"content":{"rendered":"\t\t<div data-elementor-type=\"wp-page\" data-elementor-id=\"6303\" class=\"elementor elementor-6303 elementor-1238\">\n\t\t\t\t\t\t<section class=\"elementor-section elementor-top-section elementor-element elementor-element-24e5bcf elementor-section-height-full elementor-section-boxed elementor-section-height-default elementor-section-items-middle\" data-id=\"24e5bcf\" data-element_type=\"section\" data-e-type=\"section\" data-settings=\"{&quot;background_background&quot;:&quot;classic&quot;}\">\n\t\t\t\t\t\t\t<div class=\"elementor-background-overlay\"><\/div>\n\t\t\t\t\t\t\t<div class=\"elementor-container elementor-column-gap-default\">\n\t\t\t\t\t<div class=\"elementor-column elementor-col-100 elementor-top-column elementor-element elementor-element-01c136f\" data-id=\"01c136f\" data-element_type=\"column\" data-e-type=\"column\">\n\t\t\t<div class=\"elementor-widget-wrap elementor-element-populated\">\n\t\t\t\t\t\t<div class=\"elementor-element elementor-element-0b2b72e elementor-widget elementor-widget-heading\" data-id=\"0b2b72e\" data-element_type=\"widget\" data-e-type=\"widget\" data-widget_type=\"heading.default\">\n\t\t\t\t<div class=\"elementor-widget-container\">\n\t\t\t\t\t<h1 class=\"elementor-heading-title elementor-size-default\">Nous Contacter<\/h1>\t\t\t\t<\/div>\n\t\t\t\t<\/div>\n\t\t\t\t\t<\/div>\n\t\t<\/div>\n\t\t\t\t\t<\/div>\n\t\t<\/section>\n\t\t\t\t<section class=\"elementor-section elementor-top-section elementor-element elementor-element-d14ba03 elementor-section-boxed elementor-section-height-default elementor-section-height-default\" data-id=\"d14ba03\" data-element_type=\"section\" data-e-type=\"section\" id=\"contact\" data-settings=\"{&quot;background_background&quot;:&quot;classic&quot;}\">\n\t\t\t\t\t\t<div class=\"elementor-container elementor-column-gap-default\">\n\t\t\t\t\t<div class=\"elementor-column elementor-col-100 elementor-top-column elementor-element elementor-element-50a4fb25\" data-id=\"50a4fb25\" data-element_type=\"column\" data-e-type=\"column\">\n\t\t\t<div class=\"elementor-widget-wrap elementor-element-populated\">\n\t\t\t\t\t\t<div class=\"elementor-section elementor-inner-section elementor-element elementor-element-470e1738 elementor-reverse-mobile elementor-section-boxed elementor-section-height-default elementor-section-height-default\" data-id=\"470e1738\" data-element_type=\"section\" data-e-type=\"section\">\n\t\t\t\t\t\t<div class=\"elementor-container elementor-column-gap-default\">\n\t\t\t\t\t<div class=\"elementor-column elementor-col-33 elementor-inner-column elementor-element elementor-element-2e8755b5\" data-id=\"2e8755b5\" data-element_type=\"column\" data-e-type=\"column\">\n\t\t\t<div class=\"elementor-widget-wrap elementor-element-populated\">\n\t\t\t\t\t\t<div class=\"elementor-element elementor-element-a776fbd elementor-widget elementor-widget-heading\" data-id=\"a776fbd\" data-element_type=\"widget\" data-e-type=\"widget\" data-widget_type=\"heading.default\">\n\t\t\t\t<div class=\"elementor-widget-container\">\n\t\t\t\t\t<h2 class=\"elementor-heading-title elementor-size-default\">Nous op\u00e9rons dans toute l'Europe et pouvons \u00eatre joints aux num\u00e9ros de t\u00e9l\u00e9phone locaux suivants<\/h2>\t\t\t\t<\/div>\n\t\t\t\t<\/div>\n\t\t\t\t<div class=\"elementor-element elementor-element-86531f0 elementor-widget elementor-widget-florya-list-icon\" data-id=\"86531f0\" data-element_type=\"widget\" data-e-type=\"widget\" data-widget_type=\"florya-list-icon.default\">\n\t\t\t\t<div class=\"elementor-widget-container\">\n\t\t\t\t\t\t\t\n\t\t<div class=\"sec-list\">\n\t\t    \t\t\t\n\t\t\t<ul class=\"list-unstyled about-list\">\t\n\t\t\t\t\t\t\t\t\t<li>\n\t\t\t\t\t\t\t\t\t\t\t\t<div class=\"about-list-icon\"> <i aria-hidden=\"true\" class=\"fas fa-map-marker-alt\"><\/i> <\/div>\n\t\t\t\t\t\t\t\t\t\t\t\t<div class=\"about-list-text\">\n\t\t\t\t\t\t\t<p>Suisse <a href=\"tel:+31 20 808 5945\">+41 22 900 11 28<\/a><\/p>\n\t\t\t\t\t\t<\/div>\t\t\t\t\t\n\t\t\t\t\t<\/li>\n\t\t\t\t\t\t\t\t\t<li>\n\t\t\t\t\t\t\t\t\t\t\t\t<div class=\"about-list-icon\"> <i aria-hidden=\"true\" class=\"fas fa-map-marker-alt\"><\/i> <\/div>\n\t\t\t\t\t\t\t\t\t\t\t\t<div class=\"about-list-text\">\n\t\t\t\t\t\t\t<p>Belgique <a href=\"tel:+32 2 808 93 96\">+32 2 808 93 96<\/a><\/p>\n\t\t\t\t\t\t<\/div>\t\t\t\t\t\n\t\t\t\t\t<\/li>\n\t\t\t\t\t\t\t\t\t<li>\n\t\t\t\t\t\t\t\t\t\t\t\t<div class=\"about-list-icon\"> <i aria-hidden=\"true\" class=\"fas fa-map-marker-alt\"><\/i> <\/div>\n\t\t\t\t\t\t\t\t\t\t\t\t<div class=\"about-list-text\">\n\t\t\t\t\t\t\t<p>France <a href=\"tel:+41 22 900 11 28\">+41 22 900 11 28<\/a><\/p>\n\t\t\t\t\t\t<\/div>\t\t\t\t\t\n\t\t\t\t\t<\/li>\n\t\t\t\t\t\t\t\t\t<li>\n\t\t\t\t\t\t\t\t\t\t\t\t<div class=\"about-list-icon\"> <i aria-hidden=\"true\" class=\"fas fa-map-marker-alt\"><\/i> <\/div>\n\t\t\t\t\t\t\t\t\t\t\t\t<div class=\"about-list-text\">\n\t\t\t\t\t\t\t<p>Espagne <a href=\"tel:+34 518 89 91 51\">+34 518 89 91 51<\/a><\/p>\n\t\t\t\t\t\t<\/div>\t\t\t\t\t\n\t\t\t\t\t<\/li>\n\t\t\t\t\t\t\t\t\t<li>\n\t\t\t\t\t\t\t\t\t\t\t\t<div class=\"about-list-icon\"> <i aria-hidden=\"true\" class=\"fas fa-map-marker-alt\"><\/i> <\/div>\n\t\t\t\t\t\t\t\t\t\t\t\t<div class=\"about-list-text\">\n\t\t\t\t\t\t\t<p>Irlande <a href=\"tel:+353 1 513 6088\">+353 1 513 6088<\/a><\/p>\n\t\t\t\t\t\t<\/div>\t\t\t\t\t\n\t\t\t\t\t<\/li>\n\t\t\t\t\t\t\t\t\t<li>\n\t\t\t\t\t\t\t\t\t\t\t\t<div class=\"about-list-icon\"> <i aria-hidden=\"true\" class=\"fas fa-map-marker-alt\"><\/i> <\/div>\n\t\t\t\t\t\t\t\t\t\t\t\t<div class=\"about-list-text\">\n\t\t\t\t\t\t\t<p>Italie <a href=\"tel:+39 02 9475 2832\">+39 02 9475 2832<\/a> <\/p>\n\t\t\t\t\t\t<\/div>\t\t\t\t\t\n\t\t\t\t\t<\/li>\n\t\t\t\t\t\t\t\t\t<li>\n\t\t\t\t\t\t\t\t\t\t\t\t<div class=\"about-list-icon\"> <i aria-hidden=\"true\" class=\"fas fa-map-marker-alt\"><\/i> <\/div>\n\t\t\t\t\t\t\t\t\t\t\t\t<div class=\"about-list-text\">\n\t\t\t\t\t\t\t<p>Autriche <a href=\"tel:+43 720 90 24 53\">+43 720 90 24 53<\/a><\/p>\n\t\t\t\t\t\t<\/div>\t\t\t\t\t\n\t\t\t\t\t<\/li>\n\t\t\t\t\t\t\t\t\t<li>\n\t\t\t\t\t\t\t\t\t\t\t\t<div class=\"about-list-icon\"> <i aria-hidden=\"true\" class=\"fas fa-map-marker-alt\"><\/i> <\/div>\n\t\t\t\t\t\t\t\t\t\t\t\t<div class=\"about-list-text\">\n\t\t\t\t\t\t\t<p>Royaume-Uni <a href=\"tel:+44 20 3936 0625\"> +44 20 3936 0625<\/a><\/p>\n\t\t\t\t\t\t<\/div>\t\t\t\t\t\n\t\t\t\t\t<\/li>\n\t\t\t\t\t\t\t\t\t<li>\n\t\t\t\t\t\t\t\t\t\t\t\t<div class=\"about-list-icon\"> <i aria-hidden=\"true\" class=\"fas fa-map-marker-alt\"><\/i> <\/div>\n\t\t\t\t\t\t\t\t\t\t\t\t<div class=\"about-list-text\">\n\t\t\t\t\t\t\t<p>Pays-Bas  <a href=\"tel:+31 20 808 5945\"> +31 20 808 5945<\/a><\/p>\n\t\t\t\t\t\t<\/div>\t\t\t\t\t\n\t\t\t\t\t<\/li>\n\t\t\t\t\t\t\t\t\t<li>\n\t\t\t\t\t\t\t\t\t\t\t\t<div class=\"about-list-icon\"> <i aria-hidden=\"true\" class=\"fas fa-map-marker-alt\"><\/i> <\/div>\n\t\t\t\t\t\t\t\t\t\t\t\t<div class=\"about-list-text\">\n\t\t\t\t\t\t\t<p>Su\u00e8de <a href=\"tel:+46 8 525 006 84\"> +46 8 525 006 84<\/a><\/p>\n\t\t\t\t\t\t<\/div>\t\t\t\t\t\n\t\t\t\t\t<\/li>\n\t\t\t\t\t\t\t\t\t<li>\n\t\t\t\t\t\t\t\t\t\t\t\t<div class=\"about-list-icon\"> <i aria-hidden=\"true\" class=\"fas fa-map-marker-alt\"><\/i> <\/div>\n\t\t\t\t\t\t\t\t\t\t\t\t<div class=\"about-list-text\">\n\t\t\t\t\t\t\t<p>Allemagne <a href=\"tel:+41 22 900 11 28\"> +41 22 900 11 28<\/a><\/p>\n\t\t\t\t\t\t<\/div>\t\t\t\t\t\n\t\t\t\t\t<\/li>\n\t\t\t\t\t\t\t\t\t<li>\n\t\t\t\t\t\t\t\t\t\t\t\t<div class=\"about-list-icon\"> <i aria-hidden=\"true\" class=\"fas fa-map-marker-alt\"><\/i> <\/div>\n\t\t\t\t\t\t\t\t\t\t\t\t<div class=\"about-list-text\">\n\t\t\t\t\t\t\t<p>Si\u00e8ge <a href=\"tel:+41 22 900 11 28\"> +41 22 900 11 28<\/a><\/p>\n\t\t\t\t\t\t<\/div>\t\t\t\t\t\n\t\t\t\t\t<\/li>\n\t\t\t\t\t\t\n\t\t\t<\/ul>\n\t\t\t\t\n\t\t<\/div>\n\t\t\n\t\t\t\n        \t\t\t\t<\/div>\n\t\t\t\t<\/div>\n\t\t\t\t\t<\/div>\n\t\t<\/div>\n\t\t\t\t<div class=\"elementor-column elementor-col-33 elementor-inner-column elementor-element elementor-element-34f7c6c4 elementor-hidden-tablet\" data-id=\"34f7c6c4\" data-element_type=\"column\" data-e-type=\"column\">\n\t\t\t<div class=\"elementor-widget-wrap\">\n\t\t\t\t\t\t\t<\/div>\n\t\t<\/div>\n\t\t\t\t<div class=\"elementor-column elementor-col-33 elementor-inner-column elementor-element elementor-element-7b9aaa3c\" data-id=\"7b9aaa3c\" data-element_type=\"column\" data-e-type=\"column\" id=\"form\">\n\t\t\t<div class=\"elementor-widget-wrap elementor-element-populated\">\n\t\t\t\t\t\t<div class=\"elementor-element elementor-element-e313675 elementor-widget elementor-widget-florya-form\" data-id=\"e313675\" data-element_type=\"widget\" data-e-type=\"widget\" id=\"enquiry-form\" data-widget_type=\"florya-form.default\">\n\t\t\t\t<div class=\"elementor-widget-container\">\n\t\t\t\t\t\t\t<div class=\"sec-contact-form contact\">\n\t\t\t\t\t\t<h3>Faites une demande \u00e0 notre \u00e9quipe experte<\/h3>\n\t\t\t            \t\t\t\n\t\t\t<div class=\"vc_template contact__form\">\n\t\t\t   \n<div class=\"wpcf7 no-js\" id=\"wpcf7-f1287-o1\" lang=\"fr-FR\" dir=\"ltr\" data-wpcf7-id=\"1287\">\n<div class=\"screen-reader-response\"><p role=\"status\" aria-live=\"polite\" aria-atomic=\"true\"><\/p> <ul><\/ul><\/div>\n<form action=\"\/fr\/wp-json\/wp\/v2\/pages\/6303#wpcf7-f1287-o1\" method=\"post\" class=\"wpcf7-form init\" aria-label=\"Formulaire de contact\" novalidate=\"novalidate\" data-status=\"init\">\n<fieldset class=\"hidden-fields-container\"><input type=\"hidden\" name=\"_wpcf7\" value=\"1287\" \/><input type=\"hidden\" name=\"_wpcf7_version\" value=\"6.1.4\" \/><input type=\"hidden\" name=\"_wpcf7_locale\" value=\"fr_FR\" \/><input type=\"hidden\" name=\"_wpcf7_unit_tag\" value=\"wpcf7-f1287-o1\" \/><input type=\"hidden\" name=\"_wpcf7_container_post\" value=\"0\" \/><input type=\"hidden\" name=\"_wpcf7_posted_data_hash\" value=\"\" \/><input type=\"hidden\" name=\"_wpcf7_recaptcha_response\" value=\"\" \/>\n<\/fieldset>\n<p><label>Votre nom *<br \/>\n<span class=\"wpcf7-form-control-wrap\" data-name=\"your-name\"><input size=\"40\" maxlength=\"400\" class=\"wpcf7-form-control wpcf7-text wpcf7-validates-as-required\" autocomplete=\"first\" aria-required=\"true\" aria-invalid=\"false\" value=\"\" type=\"text\" name=\"your-name\" \/><\/span><\/label><br \/>\n<label>Votre e-mail *<br \/>\n<span class=\"wpcf7-form-control-wrap\" data-name=\"your-email\"><input size=\"40\" maxlength=\"400\" class=\"wpcf7-form-control wpcf7-email wpcf7-validates-as-required wpcf7-text wpcf7-validates-as-email\" aria-required=\"true\" aria-invalid=\"false\" value=\"\" type=\"email\" name=\"your-email\" \/><\/span><\/label><br \/>\n<label>Ville *<br \/>\n<span class=\"wpcf7-form-control-wrap\" data-name=\"your-city\"><input size=\"40\" maxlength=\"400\" class=\"wpcf7-form-control wpcf7-text wpcf7-validates-as-required\" autocomplete=\"paris\" aria-required=\"true\" aria-invalid=\"false\" value=\"\" type=\"text\" name=\"your-city\" \/><\/span><\/label><br \/>\n<label>T\u00e9l\u00e9phone<br \/>\n<span class=\"wpcf7-form-control-wrap\" data-name=\"your-phone-number\"><input size=\"40\" maxlength=\"400\" class=\"wpcf7-form-control wpcf7-text\" id=\"your-phone-number\" aria-invalid=\"false\" value=\"\" type=\"text\" name=\"your-phone-number\" \/><\/span><\/label><br \/>\nVotre sexe *<br \/>\n<span class=\"wpcf7-form-control-wrap\" data-name=\"Yourgender\"><span class=\"wpcf7-form-control wpcf7-radio\"><span class=\"wpcf7-list-item first\"><label><input type=\"radio\" name=\"Yourgender\" value=\"Homme\" checked=\"checked\" \/><span class=\"wpcf7-list-item-label\">Homme<\/span><\/label><\/span><span class=\"wpcf7-list-item last\"><label><input type=\"radio\" name=\"Yourgender\" value=\"Femme\" \/><span class=\"wpcf7-list-item-label\">Femme<\/span><\/label><\/span><\/span><\/span><br \/>\n<label>Quel est votre partenaire id\u00e9al? *<br \/>\n<span style=\"display:block; font-size:0.78em; color:#6b7280; margin:0; line-height:1.4;\">Veuillez indiquer la tranche d'\u00e2ge, les traits de personnalit\u00e9, les pr\u00e9f\u00e9rences de style de vie...<\/span><br \/>\n<span class=\"wpcf7-form-control-wrap\" data-name=\"ideal-match\"><textarea cols=\"40\" rows=\"10\" maxlength=\"2000\" class=\"wpcf7-form-control wpcf7-textarea wpcf7-validates-as-required\" id=\"ideal-match\" aria-required=\"true\" aria-invalid=\"false\" name=\"ideal-match\"><\/textarea><\/span><\/label><br \/>\n<span class=\"wpcf7-form-control-wrap\" data-name=\"Privacypolicyterms\"><span class=\"wpcf7-form-control wpcf7-acceptance\"><span class=\"wpcf7-list-item\"><label><input type=\"checkbox\" name=\"Privacypolicyterms\" value=\"1\" aria-invalid=\"false\" \/><span class=\"wpcf7-list-item-label\"><a href=\"https:\/\/macbeth-matchmaking.com\/fr\/terms-conditions\/\" target=\"_blank\" style=\"text-decoration: underline\">J'accepte la politique de confidentialit\u00e9<\/a><\/span><\/label><\/span><\/span><\/span><br \/>\n<input class=\"wpcf7-form-control wpcf7-hidden\" id=\"current-url\" value=\"\" type=\"hidden\" name=\"current-url\" \/><br \/>\n<div class=\"wpcf7-response-output\" aria-hidden=\"true\"><\/div><br \/>\n<div class=\"wpcf7-form-control has-spinner wpcf7-submit\"><button class=\"butn-dark\"><a ><span>Envoyer une demande<\/span><\/a><\/button><\/div>\n<\/p>\n<p><script>\ndocument.addEventListener('DOMContentLoaded', function() {\n function getUtmParameters(url) {\n const params = new URLSearchParams(new URL(url).search);\n const utmParams = {};\n params.forEach((value, key) => {\n if (key.startsWith('utm_')) {\n utmParams[key] = value;\n }\n });\n return new URLSearchParams(utmParams).toString();\n }\n var currentUrlField = document.getElementById('current-url');\n if (currentUrlField) {\n const utmParamsString = getUtmParameters(window.location.href);\n if (utmParamsString) {\n currentUrlField.value = utmParamsString;\n } else {\n currentUrlField.value = window.location.href;\n }\n }\n});\n<\/script>\n<\/p>\n<p><script>\ndocument.addEventListener('wpcf7mailsent', function(event) {\n dataLayer.push({\n 'event': 'formularioEnviado',\n 'formularioID': 'enquiry-form'\n });\n}, false);\n<\/script>\n<\/p>\n<p><script>\ndocument.addEventListener('DOMContentLoaded', function() {\n var phoneField = document.getElementById('your-phone-number');\n var submitButton = document.querySelector('.inquiry-btn');\n\n function validatePhoneNumber() {\n var phoneValue = phoneField.value.trim();\n if (!phoneValue) {\n var existingError = phoneField.closest('.wpcf7-form-control-wrap').querySelector('.wpcf7-not-valid-tip');\n if (existingError) existingError.remove();\n phoneField.classList.remove('wpcf7-not-valid');\n submitButton.disabled = false;\n return;\n }\n var normalizedPhoneValue = phoneValue.replace(\/[^\\d]\/g, '');\n var forbiddenPrefixes = [\n \"213\", \"244\", \"229\", \"267\", \"226\", \"257\", \"238\", \"237\", \"236\", \"235\",\n \"269\", \"242\", \"243\", \"253\", \"20\", \"240\", \"291\", \"268\", \"251\", \"241\",\n \"220\", \"233\", \"224\", \"245\", \"225\", \"254\", \"266\", \"231\", \"218\", \"261\",\n \"265\", \"223\", \"222\", \"230\", \"212\", \"258\", \"264\", \"227\", \"234\", \"250\",\n \"239\", \"221\", \"248\", \"232\", \"252\", \"27\", \"211\", \"249\", \"255\", \"228\",\n \"216\", \"256\", \"260\", \"263\", \"262\", \"212\", \"93\", \"249\", \"7\", \"91\"\n ];\n var isInvalid = false;\n for (var i = 0; i < forbiddenPrefixes.length; i++) {\n if (normalizedPhoneValue.startsWith(forbiddenPrefixes[i])) {\n isInvalid = true;\n break;\n }\n }\n var errorMessageContainer = phoneField.closest('.wpcf7-form-control-wrap').querySelector('.wpcf7-not-valid-tip');\n if (isInvalid) {\n if (!errorMessageContainer) {\n errorMessageContainer = document.createElement('span');\n errorMessageContainer.classList.add('wpcf7-not-valid-tip');\n phoneField.closest('.wpcf7-form-control-wrap').appendChild(errorMessageContainer);\n }\n errorMessageContainer.textContent = \"Le num\u00e9ro de t\u00e9l\u00e9phone a un pr\u00e9fixe non autoris\u00e9.\";\n phoneField.classList.add('wpcf7-not-valid');\n submitButton.disabled = true;\n } else {\n if (errorMessageContainer) errorMessageContainer.remove();\n phoneField.classList.remove('wpcf7-not-valid');\n submitButton.disabled = false;\n }\n }\n\n phoneField.addEventListener('blur', validatePhoneNumber);\n\n document.addEventListener('wpcf7invalid', function() {\n setTimeout(function() {\n var firstError = document.querySelector('.wpcf7-not-valid');\n if (firstError) {\n firstError.scrollIntoView({ behavior: 'smooth', block: 'center' });\n firstError.focus();\n }\n }, 100);\n }, false);\n\n var acceptanceCheckbox = document.querySelector('.wpcf7-acceptance input[type=\"checkbox\"]');\n if (acceptanceCheckbox) {\n acceptanceCheckbox.addEventListener('change', function() {\n setTimeout(function() {\n var firstError = document.querySelector('.wpcf7-not-valid');\n if (firstError) {\n firstError.scrollIntoView({ behavior: 'smooth', block: 'center' });\n firstError.focus();\n }\n }, 100);\n });\n }\n});\n<\/script>\n<\/p>\n<\/form>\n<\/div>\n\t\t\t<\/div>\t\n\t\t<\/div>\t\n\t\t\n        \t\t\t\t<\/div>\n\t\t\t\t<\/div>\n\t\t\t\t\t<\/div>\n\t\t<\/div>\n\t\t\t\t\t<\/div>\n\t\t<\/div>\n\t\t\t\t\t<\/div>\n\t\t<\/div>\n\t\t\t\t\t<\/div>\n\t\t<\/section>\n\t\t\t\t<section class=\"elementor-section elementor-top-section elementor-element elementor-element-b7f5a38 elementor-section-boxed elementor-section-height-default elementor-section-height-default\" data-id=\"b7f5a38\" data-element_type=\"section\" data-e-type=\"section\" data-settings=\"{&quot;background_background&quot;:&quot;classic&quot;}\">\n\t\t\t\t\t\t\t<div class=\"elementor-background-overlay\"><\/div>\n\t\t\t\t\t\t\t<div class=\"elementor-container elementor-column-gap-default\">\n\t\t\t\t\t<div class=\"elementor-column elementor-col-100 elementor-top-column elementor-element elementor-element-d8c408d\" data-id=\"d8c408d\" data-element_type=\"column\" data-e-type=\"column\">\n\t\t\t<div class=\"elementor-widget-wrap elementor-element-populated\">\n\t\t\t\t\t\t<div class=\"elementor-section elementor-inner-section elementor-element elementor-element-c2f7a55 elementor-section-boxed elementor-section-height-default elementor-section-height-default\" data-id=\"c2f7a55\" data-element_type=\"section\" data-e-type=\"section\">\n\t\t\t\t\t\t<div class=\"elementor-container elementor-column-gap-default\">\n\t\t\t\t\t<div class=\"elementor-column elementor-col-33 elementor-inner-column elementor-element elementor-element-07bb9a3\" data-id=\"07bb9a3\" data-element_type=\"column\" data-e-type=\"column\">\n\t\t\t<div class=\"elementor-widget-wrap\">\n\t\t\t\t\t\t\t<\/div>\n\t\t<\/div>\n\t\t\t\t<div class=\"elementor-column elementor-col-33 elementor-inner-column elementor-element elementor-element-f0ff9c6\" data-id=\"f0ff9c6\" data-element_type=\"column\" data-e-type=\"column\">\n\t\t\t<div class=\"elementor-widget-wrap elementor-element-populated\">\n\t\t\t\t\t\t<div class=\"elementor-element elementor-element-826406e elementor-widget-mobile__width-initial elementor-widget elementor-widget-florya-testimonials\" data-id=\"826406e\" data-element_type=\"widget\" data-e-type=\"widget\" data-widget_type=\"florya-testimonials.default\">\n\t\t\t\t<div class=\"elementor-widget-container\">\n\t\t\t\t\t\n\t\t<div class=\"sec-testimonials testimonials\">\n\t\t\t<div class=\"testimonials-box text-center\">\n\t\t\t\t<div class=\"owl-carousel owl-theme\" data-testimonials-autoplay=\"true\" data-testimonials-timeout=\"5000\" data-testimonials-speed=\"500\"  data-testimonials-dots=\"false\" data-testimonials-nav=\"false\">\n\t\t\t\t\t\t\t\t\t\t<div class=\"item\"> \n\t\t\t\t\t\t\t\n                        <!-- blank -->\n\t\t\t\t\t\t\t\t\t\t\t\n\t\t\t\t\t\t<h5 class=\"fl-testimonial-title2-class\">Veuillez compl\u00e9ter notre formulaire de demande et un membre de notre \u00e9quipe vous contactera en toute confidentialit\u00e9 pour une conversation sans engagement.\n\n<\/h5> \n\t\t\t\t\t\t\t\n\t\t\t\t\t<\/div>\t\n\t\t\t\t\t\t\t\t\t<\/div>\t\t\n\t\t\t<\/div>\t\t\n\t\t<\/div>\t\t\t\n\n        \t\t\t\t<\/div>\n\t\t\t\t<\/div>\n\t\t\t\t\t<\/div>\n\t\t<\/div>\n\t\t\t\t<div class=\"elementor-column elementor-col-33 elementor-inner-column elementor-element elementor-element-23fee2a\" data-id=\"23fee2a\" data-element_type=\"column\" data-e-type=\"column\">\n\t\t\t<div class=\"elementor-widget-wrap\">\n\t\t\t\t\t\t\t<\/div>\n\t\t<\/div>\n\t\t\t\t\t<\/div>\n\t\t<\/div>\n\t\t\t\t\t<\/div>\n\t\t<\/div>\n\t\t\t\t\t<\/div>\n\t\t<\/section>\n\t\t\t\t<\/div>\n\t\t","protected":false},"excerpt":{"rendered":"<p>Nous Contacter Nous op\u00e9rons dans toute l&#8217;Europe et pouvons \u00eatre joints aux num\u00e9ros de t\u00e9l\u00e9phone locaux suivants Suisse +41 22 900 11 28 Belgique +32 2 808 93 96 France +41 22 900 11 28 Espagne +34 518 89 91 51 Irlande +353 1 513 6088 Italie +39 02 9475 2832 Autriche +43 720 90 24 53 Royaume-Uni +44 20<\/p>\n","protected":false},"author":1,"featured_media":0,"parent":0,"menu_order":0,"comment_status":"closed","ping_status":"closed","template":"","meta":{"_acf_changed":false,"footnotes":""},"class_list":["post-6303","page","type-page","status-publish","hentry"],"acf":[],"yoast_head":"<!-- This site is optimized with the Yoast SEO plugin v26.9 - https:\/\/yoast.com\/product\/yoast-seo-wordpress\/ -->\n<title>Nous Contacter | Macbeth Matchmaking<\/title>\n<meta name=\"description\" content=\"De Macbeth, nous vous aidons \u00e0 trouver l&#039;amour. Contactez-nous et nous vous aiderons \u00e0 y arriver. Entrez et nous vous donnerons plus d&#039;informations.\" \/>\n<meta name=\"robots\" content=\"index, follow, max-snippet:-1, max-image-preview:large, max-video-preview:-1\" \/>\n<link rel=\"canonical\" href=\"https:\/\/macbeth-matchmaking.com\/fr\/nous-contacter\/\" \/>\n<meta property=\"og:locale\" content=\"fr_FR\" \/>\n<meta property=\"og:type\" content=\"article\" \/>\n<meta property=\"og:title\" content=\"Nous Contacter | Macbeth Matchmaking\" \/>\n<meta property=\"og:description\" content=\"De Macbeth, nous vous aidons \u00e0 trouver l&#039;amour. Contactez-nous et nous vous aiderons \u00e0 y arriver. Entrez et nous vous donnerons plus d&#039;informations.\" \/>\n<meta property=\"og:url\" content=\"https:\/\/macbeth-matchmaking.com\/fr\/nous-contacter\/\" \/>\n<meta property=\"og:site_name\" content=\"Macbeth\" \/>\n<meta property=\"article:modified_time\" content=\"2025-01-09T14:59:37+00:00\" \/>\n<meta name=\"twitter:card\" content=\"summary_large_image\" \/>\n<meta name=\"twitter:label1\" content=\"Dur\u00e9e de lecture estim\u00e9e\" \/>\n\t<meta name=\"twitter:data1\" content=\"1 minute\" \/>\n<!-- \/ Yoast SEO plugin. -->","yoast_head_json":{"title":"Nous Contacter | Macbeth Matchmaking","description":"De Macbeth, nous vous aidons \u00e0 trouver l'amour. Contactez-nous et nous vous aiderons \u00e0 y arriver. Entrez et nous vous donnerons plus d'informations.","robots":{"index":"index","follow":"follow","max-snippet":"max-snippet:-1","max-image-preview":"max-image-preview:large","max-video-preview":"max-video-preview:-1"},"canonical":"https:\/\/macbeth-matchmaking.com\/fr\/nous-contacter\/","og_locale":"fr_FR","og_type":"article","og_title":"Nous Contacter | Macbeth Matchmaking","og_description":"De Macbeth, nous vous aidons \u00e0 trouver l'amour. Contactez-nous et nous vous aiderons \u00e0 y arriver. Entrez et nous vous donnerons plus d'informations.","og_url":"https:\/\/macbeth-matchmaking.com\/fr\/nous-contacter\/","og_site_name":"Macbeth","article_modified_time":"2025-01-09T14:59:37+00:00","twitter_card":"summary_large_image","twitter_misc":{"Dur\u00e9e de lecture estim\u00e9e":"1 minute"},"schema":{"@context":"https:\/\/schema.org","@graph":[{"@type":"WebPage","@id":"https:\/\/macbeth-matchmaking.com\/fr\/nous-contacter\/","url":"https:\/\/macbeth-matchmaking.com\/fr\/nous-contacter\/","name":"Nous Contacter | Macbeth Matchmaking","isPartOf":{"@id":"https:\/\/macbeth-matchmaking.com\/fr\/#website"},"datePublished":"2023-06-22T07:02:53+00:00","dateModified":"2025-01-09T14:59:37+00:00","description":"De Macbeth, nous vous aidons \u00e0 trouver l'amour. Contactez-nous et nous vous aiderons \u00e0 y arriver. Entrez et nous vous donnerons plus d'informations.","breadcrumb":{"@id":"https:\/\/macbeth-matchmaking.com\/fr\/nous-contacter\/#breadcrumb"},"inLanguage":"fr-FR","potentialAction":[{"@type":"ReadAction","target":["https:\/\/macbeth-matchmaking.com\/fr\/nous-contacter\/"]}]},{"@type":"BreadcrumbList","@id":"https:\/\/macbeth-matchmaking.com\/fr\/nous-contacter\/#breadcrumb","itemListElement":[{"@type":"ListItem","position":1,"name":"Home","item":"https:\/\/macbeth-matchmaking.com\/fr\/"},{"@type":"ListItem","position":2,"name":"Nous Contacter"}]},{"@type":"WebSite","@id":"https:\/\/macbeth-matchmaking.com\/fr\/#website","url":"https:\/\/macbeth-matchmaking.com\/fr\/","name":"Macbeth","description":"MATCHMAKING","potentialAction":[{"@type":"SearchAction","target":{"@type":"EntryPoint","urlTemplate":"https:\/\/macbeth-matchmaking.com\/fr\/?s={search_term_string}"},"query-input":{"@type":"PropertyValueSpecification","valueRequired":true,"valueName":"search_term_string"}}],"inLanguage":"fr-FR"}]}},"meta_box":[],"_links":{"self":[{"href":"https:\/\/macbeth-matchmaking.com\/fr\/wp-json\/wp\/v2\/pages\/6303","targetHints":{"allow":["GET"]}}],"collection":[{"href":"https:\/\/macbeth-matchmaking.com\/fr\/wp-json\/wp\/v2\/pages"}],"about":[{"href":"https:\/\/macbeth-matchmaking.com\/fr\/wp-json\/wp\/v2\/types\/page"}],"author":[{"embeddable":true,"href":"https:\/\/macbeth-matchmaking.com\/fr\/wp-json\/wp\/v2\/users\/1"}],"replies":[{"embeddable":true,"href":"https:\/\/macbeth-matchmaking.com\/fr\/wp-json\/wp\/v2\/comments?post=6303"}],"version-history":[{"count":1,"href":"https:\/\/macbeth-matchmaking.com\/fr\/wp-json\/wp\/v2\/pages\/6303\/revisions"}],"predecessor-version":[{"id":31072,"href":"https:\/\/macbeth-matchmaking.com\/fr\/wp-json\/wp\/v2\/pages\/6303\/revisions\/31072"}],"wp:attachment":[{"href":"https:\/\/macbeth-matchmaking.com\/fr\/wp-json\/wp\/v2\/media?parent=6303"}],"curies":[{"name":"wp","href":"https:\/\/api.w.org\/{rel}","templated":true}]}}