{"id":7013,"date":"2023-12-12T09:28:35","date_gmt":"2023-12-12T09:28:35","guid":{"rendered":"https:\/\/qa-macbeth-new.qamoon.es\/macbeth-and-gdpr-our-commitment-to-data-privacy\/"},"modified":"2025-06-27T09:21:50","modified_gmt":"2025-06-27T09:21:50","slug":"gdpr-readiness","status":"publish","type":"page","link":"https:\/\/macbeth-matchmaking.com\/fr\/gdpr-readiness\/","title":{"rendered":"Macbeth et le RGPD \u2013 Notre engagement envers la protection des donn\u00e9es"},"content":{"rendered":"\t\t<div data-elementor-type=\"wp-page\" data-elementor-id=\"7013\" class=\"elementor elementor-7013 elementor-6873\">\n\t\t\t\t\t\t<section class=\"elementor-section elementor-top-section elementor-element elementor-element-190c252d elementor-section-boxed elementor-section-height-default elementor-section-height-default\" data-id=\"190c252d\" data-element_type=\"section\" data-e-type=\"section\">\n\t\t\t\t\t\t<div class=\"elementor-container elementor-column-gap-default\">\n\t\t\t\t\t<div class=\"elementor-column elementor-col-100 elementor-top-column elementor-element elementor-element-7cb25d63\" data-id=\"7cb25d63\" data-element_type=\"column\" data-e-type=\"column\">\n\t\t\t<div class=\"elementor-widget-wrap elementor-element-populated\">\n\t\t\t\t\t\t<div class=\"elementor-element elementor-element-59c76263 legal-text elementor-widget__width-initial elementor-widget elementor-widget-text-editor\" data-id=\"59c76263\" data-element_type=\"widget\" data-e-type=\"widget\" data-widget_type=\"text-editor.default\">\n\t\t\t\t<div class=\"elementor-widget-container\">\n\t\t\t\t\t\t\t\t\t<p>Macbeth Matchmaking s&#8217;engage \u00e0 respecter le R\u00e8glement G\u00e9n\u00e9ral sur la Protection des Donn\u00e9es (RGPD). Ce r\u00e8glement contient les changements les plus significatifs dans la l\u00e9gislation europ\u00e9enne sur la protection des donn\u00e9es des 20 derni\u00e8res ann\u00e9es. Il est con\u00e7u pour donner aux citoyens de l&#8217;UE plus de contr\u00f4le sur leurs donn\u00e9es et vise \u00e0 unifier un certain nombre de lois existantes sur la confidentialit\u00e9 et la s\u00e9curit\u00e9 sous une seule loi compl\u00e8te.<\/p><p>Nos clients peuvent avoir confiance que nous avons fait du RGPD une priorit\u00e9 et avons consacr\u00e9 des ressources significatives \u00e0 nos efforts pour nous conformer au RGPD.<\/p><h2><strong><br \/>Ce que nous faisons<br \/><\/strong><\/h2><p>Comme de nombreuses autres entreprises de services, nous mettons en \u0153uvre notre strat\u00e9gie de conformit\u00e9 au RGPD \u00e0 l&#8217;\u00e9chelle de l&#8217;entreprise. Nous reconnaissons que nos clients ont des exigences en vertu du RGPD qui sont directement impact\u00e9es par leur utilisation de Macbeth, et nous nous engageons \u00e0 aider nos clients \u00e0 remplir leurs obligations en vertu du RGPD.<\/p><p><span style=\"display: inline !important;\"><span style=\"display: inline !important;\">Voici quelques exemples d&#8217;initiatives auxquelles nous nous sommes engag\u00e9s afin de satisfaire aux exigences du RGPD qui s&#8217;appliquent \u00e0 la fois \u00e0 nos clients et \u00e0 nous:\u00a0<\/span><\/span><\/p><p><span style=\"display: inline !important;\"><span style=\"display: inline !important;\">\u00a0<\/span><\/span><\/p><ul><li>Nous engageons \u00e0 respecter les mesures de s\u00e9curit\u00e9 et de confidentialit\u00e9 requises par le RGPD. Nous avons plusieurs couches de s\u00e9curit\u00e9. Nous utilisons Securi Net pour nos sites Web et ZOHO CRM pour notre gestion de la relation client.<ul><li>Securi Net : https:\/\/sucuri.net\/<\/li><li>Zoho CRM : https:\/\/www.zoho.eu\/security.html et https:\/\/www.zoho.eu\/gdpr.html<\/li><\/ul><\/li><\/ul><p>\u2022 Macbeth ne transf\u00e8re pas de donn\u00e9es en dehors des \u00c9tats-Unis et ne partage jamais de d\u00e9tails personnels sans le consentement de nos clients.<\/p><p>\u00a0<\/p><p>\u2022 Aider nos clients \u00e0 satisfaire leurs exigences de s\u00e9curit\u00e9 et de confidentialit\u00e9 des donn\u00e9es en vertu du RGPD, notifier les r\u00e9gulateurs en cas de violations de donn\u00e9es personnelles sur nos syst\u00e8mes et communiquer rapidement de telles violations \u00e0 nos clients et utilisateurs finaux.<\/p><p>\u00a0<\/p><p>\u2022 Assurer que notre personnel qui acc\u00e8de et traite les donn\u00e9es personnelles de nos clients est tenu de maintenir la confidentialit\u00e9 et la s\u00e9curit\u00e9 de ces donn\u00e9es.<\/p><p>\u00a0<\/p><p>\u2022 Nous engageons \u00e0 r\u00e9aliser des \u00e9valuations d&#8217;impact sur les donn\u00e9es et \u00e0 consulter les r\u00e9gulateurs de l&#8217;UE lorsque cela est appropri\u00e9.<\/p><h2>\u00a0<\/h2><h2><strong>GDPR FAQ<\/strong><\/h2><p>Do we process personal data of our customers?<br \/>Yes, we process customer personal data to provide Macbeth and for other specified purposes described in our Privacy Policy and Terms of Service.<\/p><p>\u00a0<\/p><h3><strong>O\u00f9 envoyons-nous les donn\u00e9es des clients?<\/strong><\/h3><p>Notre objectif est de fournir \u00e0 nos clients un service s\u00e9curis\u00e9, rapide et fiable. En tant que fournisseur d&#8217;un service de rencontre mondial, nous g\u00e9rons notre service avec des pratiques et des fonctionnalit\u00e9s op\u00e9rationnelles communes dans plusieurs juridictions. Nous divulguons dans notre Politique de Confidentialit\u00e9 que les donn\u00e9es personnelles ne seront pas transf\u00e9r\u00e9es aux \u00c9tats-Unis et \u00e9ventuellement vers d&#8217;autres pays \u00e0 des fins li\u00e9es \u00e0 la fourniture de produits et services.<\/p><p><span style=\"color: #3b4852; font-size: 1.75rem; letter-spacing: var( --e-global-typography-6cf7069-letter-spacing ); word-spacing: var( --e-global-typography-6cf7069-word-spacing ); display: inline !important;\">\u00a0<\/span><\/p><h3><strong>Pouvez-vous garantir que mes donn\u00e9es resteront dans un lieu sp\u00e9cifique (par exemple, en Europe)?<\/strong><\/h3><p>Les fonctionnalit\u00e9s de Macbeth exigent que les donn\u00e9es soient transf\u00e9r\u00e9es uniquement vers un service cloud europ\u00e9en. De plus, nos employ\u00e9s et contractants peuvent avoir besoin d&#8217;acc\u00e9der aux donn\u00e9es stock\u00e9es dans l&#8217;UE depuis un pays non membre de l&#8217;UE (par exemple, les \u00c9tats-Unis ou l&#8217;Australie) pour des raisons techniques et de support. Dans tous les cas o\u00f9 les donn\u00e9es sont transf\u00e9r\u00e9es en dehors de l&#8217;UE, Macbeth s&#8217;engage \u00e0 garantir que ces transferts soient conformes aux lois applicables en mati\u00e8re de transfert de donn\u00e9es, y compris le RGPD<\/p><h3>\u00a0<\/h3><h3><strong>Sommes-nous certifi\u00e9s par le Privacy Shield?<\/strong><\/h3><p>Yes. We are a certified entity under ZOHO\u2019s Privacy Shield certification. You can view this Privacy Shield certification here. https:\/\/www.zoho.eu\/privacy.html<\/p><h3>\u00a0<\/h3><h3><strong>Plus de Ressources<\/strong><\/h3><p>Macbeth est enti\u00e8rement d\u00e9di\u00e9 au succ\u00e8s de ses clients et \u00e0 la protection de leurs donn\u00e9es. Les clients peuvent compter sur notre engagement envers la conformit\u00e9 au RGPD. Pour plus d&#8217;informations, vous pouvez toujours nous envoyer un e-mail \u00e0 : info@macbeth-international.com<\/p><p>\u2022 Confidentialit\u00e9 \u2013 Nous nous engageons \u00e0 prot\u00e9ger la confidentialit\u00e9 de vos informations personnelles.<br \/>\u2022 S\u00e9curit\u00e9 \u2013 Notre culture ax\u00e9e sur le client garantit que la s\u00e9curit\u00e9 est une priorit\u00e9 absolue.<\/p><p>Merci de votre int\u00e9r\u00eat pour Macbeth<\/p>\t\t\t\t\t\t\t\t<\/div>\n\t\t\t\t<\/div>\n\t\t\t\t\t<\/div>\n\t\t<\/div>\n\t\t\t\t\t<\/div>\n\t\t<\/section>\n\t\t\t\t<\/div>\n\t\t","protected":false},"excerpt":{"rendered":"<p>Macbeth Matchmaking s&#8217;engage \u00e0 respecter le R\u00e8glement G\u00e9n\u00e9ral sur la Protection des Donn\u00e9es (RGPD). Ce r\u00e8glement contient les changements les plus significatifs dans la l\u00e9gislation europ\u00e9enne sur la protection des donn\u00e9es des 20 derni\u00e8res ann\u00e9es. Il est con\u00e7u pour donner aux citoyens de l&#8217;UE plus de contr\u00f4le sur leurs donn\u00e9es et vise \u00e0 unifier un certain nombre de lois existantes<\/p>\n","protected":false},"author":1,"featured_media":0,"parent":0,"menu_order":0,"comment_status":"closed","ping_status":"open","template":"","meta":{"_acf_changed":false,"footnotes":""},"class_list":["post-7013","page","type-page","status-publish","hentry"],"acf":[],"yoast_head":"<!-- This site is optimized with the Yoast SEO plugin v26.9 - https:\/\/yoast.com\/product\/yoast-seo-wordpress\/ -->\n<title>GDPR | Macbeth Matchmaking<\/title>\n<meta name=\"description\" content=\"Macbeth s\u2019engage \u00e0 se conformer au R\u00e8glement g\u00e9n\u00e9ral sur la protection des donn\u00e9es (RGPD). Nos clients peuvent \u00eatre s\u00fbrs que nous avons fait du RGPD une priorit\u00e9.\" \/>\n<meta name=\"robots\" content=\"index, follow, max-snippet:-1, max-image-preview:large, max-video-preview:-1\" \/>\n<link rel=\"canonical\" href=\"https:\/\/macbeth-matchmaking.com\/fr\/gdpr-readiness\/\" \/>\n<meta property=\"og:locale\" content=\"fr_FR\" \/>\n<meta property=\"og:type\" content=\"article\" \/>\n<meta property=\"og:title\" content=\"GDPR | Macbeth Matchmaking\" \/>\n<meta property=\"og:description\" content=\"Macbeth s\u2019engage \u00e0 se conformer au R\u00e8glement g\u00e9n\u00e9ral sur la protection des donn\u00e9es (RGPD). Nos clients peuvent \u00eatre s\u00fbrs que nous avons fait du RGPD une priorit\u00e9.\" \/>\n<meta property=\"og:url\" content=\"https:\/\/macbeth-matchmaking.com\/fr\/gdpr-readiness\/\" \/>\n<meta property=\"og:site_name\" content=\"Macbeth\" \/>\n<meta property=\"article:modified_time\" content=\"2025-06-27T09:21:50+00:00\" \/>\n<meta name=\"twitter:card\" content=\"summary_large_image\" \/>\n<meta name=\"twitter:label1\" content=\"Dur\u00e9e de lecture estim\u00e9e\" \/>\n\t<meta name=\"twitter:data1\" content=\"4 minutes\" \/>\n<!-- \/ Yoast SEO plugin. -->","yoast_head_json":{"title":"GDPR | Macbeth Matchmaking","description":"Macbeth s\u2019engage \u00e0 se conformer au R\u00e8glement g\u00e9n\u00e9ral sur la protection des donn\u00e9es (RGPD). Nos clients peuvent \u00eatre s\u00fbrs que nous avons fait du RGPD une priorit\u00e9.","robots":{"index":"index","follow":"follow","max-snippet":"max-snippet:-1","max-image-preview":"max-image-preview:large","max-video-preview":"max-video-preview:-1"},"canonical":"https:\/\/macbeth-matchmaking.com\/fr\/gdpr-readiness\/","og_locale":"fr_FR","og_type":"article","og_title":"GDPR | Macbeth Matchmaking","og_description":"Macbeth s\u2019engage \u00e0 se conformer au R\u00e8glement g\u00e9n\u00e9ral sur la protection des donn\u00e9es (RGPD). Nos clients peuvent \u00eatre s\u00fbrs que nous avons fait du RGPD une priorit\u00e9.","og_url":"https:\/\/macbeth-matchmaking.com\/fr\/gdpr-readiness\/","og_site_name":"Macbeth","article_modified_time":"2025-06-27T09:21:50+00:00","twitter_card":"summary_large_image","twitter_misc":{"Dur\u00e9e de lecture estim\u00e9e":"4 minutes"},"schema":{"@context":"https:\/\/schema.org","@graph":[{"@type":"WebPage","@id":"https:\/\/macbeth-matchmaking.com\/fr\/gdpr-readiness\/","url":"https:\/\/macbeth-matchmaking.com\/fr\/gdpr-readiness\/","name":"GDPR | Macbeth Matchmaking","isPartOf":{"@id":"https:\/\/macbeth-matchmaking.com\/fr\/#website"},"datePublished":"2023-12-12T09:28:35+00:00","dateModified":"2025-06-27T09:21:50+00:00","description":"Macbeth s\u2019engage \u00e0 se conformer au R\u00e8glement g\u00e9n\u00e9ral sur la protection des donn\u00e9es (RGPD). Nos clients peuvent \u00eatre s\u00fbrs que nous avons fait du RGPD une priorit\u00e9.","breadcrumb":{"@id":"https:\/\/macbeth-matchmaking.com\/fr\/gdpr-readiness\/#breadcrumb"},"inLanguage":"fr-FR","potentialAction":[{"@type":"ReadAction","target":["https:\/\/macbeth-matchmaking.com\/fr\/gdpr-readiness\/"]}]},{"@type":"BreadcrumbList","@id":"https:\/\/macbeth-matchmaking.com\/fr\/gdpr-readiness\/#breadcrumb","itemListElement":[{"@type":"ListItem","position":1,"name":"Home","item":"https:\/\/macbeth-matchmaking.com\/fr\/"},{"@type":"ListItem","position":2,"name":"Macbeth et le RGPD \u2013 Notre engagement envers la protection des donn\u00e9es"}]},{"@type":"WebSite","@id":"https:\/\/macbeth-matchmaking.com\/fr\/#website","url":"https:\/\/macbeth-matchmaking.com\/fr\/","name":"Macbeth","description":"MATCHMAKING","potentialAction":[{"@type":"SearchAction","target":{"@type":"EntryPoint","urlTemplate":"https:\/\/macbeth-matchmaking.com\/fr\/?s={search_term_string}"},"query-input":{"@type":"PropertyValueSpecification","valueRequired":true,"valueName":"search_term_string"}}],"inLanguage":"fr-FR"}]}},"meta_box":[],"_links":{"self":[{"href":"https:\/\/macbeth-matchmaking.com\/fr\/wp-json\/wp\/v2\/pages\/7013","targetHints":{"allow":["GET"]}}],"collection":[{"href":"https:\/\/macbeth-matchmaking.com\/fr\/wp-json\/wp\/v2\/pages"}],"about":[{"href":"https:\/\/macbeth-matchmaking.com\/fr\/wp-json\/wp\/v2\/types\/page"}],"author":[{"embeddable":true,"href":"https:\/\/macbeth-matchmaking.com\/fr\/wp-json\/wp\/v2\/users\/1"}],"replies":[{"embeddable":true,"href":"https:\/\/macbeth-matchmaking.com\/fr\/wp-json\/wp\/v2\/comments?post=7013"}],"version-history":[{"count":1,"href":"https:\/\/macbeth-matchmaking.com\/fr\/wp-json\/wp\/v2\/pages\/7013\/revisions"}],"predecessor-version":[{"id":31064,"href":"https:\/\/macbeth-matchmaking.com\/fr\/wp-json\/wp\/v2\/pages\/7013\/revisions\/31064"}],"wp:attachment":[{"href":"https:\/\/macbeth-matchmaking.com\/fr\/wp-json\/wp\/v2\/media?parent=7013"}],"curies":[{"name":"wp","href":"https:\/\/api.w.org\/{rel}","templated":true}]}}