{"id":7060,"date":"2023-07-31T06:46:35","date_gmt":"2023-07-31T06:46:35","guid":{"rendered":"https:\/\/qa-macbeth-new.qamoon.es\/terms-conditions\/"},"modified":"2025-06-27T09:24:58","modified_gmt":"2025-06-27T09:24:58","slug":"terms-conditions","status":"publish","type":"page","link":"https:\/\/macbeth-matchmaking.com\/fr\/terms-conditions\/","title":{"rendered":"Terms &amp; Conditions"},"content":{"rendered":"\t\t<div data-elementor-type=\"wp-page\" data-elementor-id=\"7060\" class=\"elementor elementor-7060 elementor-1910\">\n\t\t\t\t\t\t<section class=\"elementor-section elementor-top-section elementor-element elementor-element-190c252d elementor-section-boxed elementor-section-height-default elementor-section-height-default\" data-id=\"190c252d\" data-element_type=\"section\" data-e-type=\"section\">\n\t\t\t\t\t\t<div class=\"elementor-container elementor-column-gap-default\">\n\t\t\t\t\t<div class=\"elementor-column elementor-col-100 elementor-top-column elementor-element elementor-element-7cb25d63\" data-id=\"7cb25d63\" data-element_type=\"column\" data-e-type=\"column\">\n\t\t\t<div class=\"elementor-widget-wrap elementor-element-populated\">\n\t\t\t\t\t\t<div class=\"elementor-element elementor-element-59c76263 legal-text elementor-widget elementor-widget-text-editor\" data-id=\"59c76263\" data-element_type=\"widget\" data-e-type=\"widget\" data-widget_type=\"text-editor.default\">\n\t\t\t\t<div class=\"elementor-widget-container\">\n\t\t\t\t\t\t\t\t\t\n<h2><strong>Matchmaking Services Terms &amp; Conditions<\/strong><\/h2>\n\n\n\n<p>By joining Macbeth Matchmaking as a member you are entering into a contract based on these terms and conditions. Payment of the joining fee is acceptance to these terms and conditions. Macbeth Matchmaking may change these terms and conditions from time to time.<\/p>\n\n\n\n<h3><br>Engagement<\/h3>\n\n\n\n<p>The Client acknowledges that he or she has met with a representative of Macbeth, who has generally explained the Matching Services to the Client and has gained an initial understanding of the Client\u2019s general preferences in respect of a Partner. The Client agrees to engage Macbeth to provide the Matchmaking Services during the Membership Period.<\/p>\n\n\n\n<h3><br>Client&#8217;s right to revoke<\/h3>\n\n\n\n<p>Initial Right to Revoke<br>After the Client has signed and returned this agreement to Macbeth, the Client has 14 calendar days (the \u201cGrace Period\u201d) to revoke this agreement by notifying Macbeth by e-mail or in writing. No Fees are due until after the expiry of the Grace Period.<\/p>\n\n\n\n<h3><strong><br><\/strong>Process<\/h3>\n\n\n\n<p>(a) Step 1: Registration and Creation of Profile<br>Macbeth will send the Client a link to access an online registration form as well as an invoice for the Matching Services Fees. The Client will complete the online registration form and will provide Macbeth with the documents requested.<br>(b) Step 2: Selection and Submission of a Proposal<br>As soon as the Client has an Active Membership, Macbeth will start its selection process in respect of a Partner for the Client.<br>(c) Additional Proposals<br>Within the Membership Period, the procedure outlined in Section (b) of this Article 3 will be repeated when requested by the Client.<\/p>\n<p>For more information on our Terms &amp; Conditions please contact us on:<br><span style=\"text-decoration: underline;\"><a href=\"mailto:info@macbeth-international.com\">info@macbeth-international.com<\/a><\/span><\/p>\n\t\t\t\t\t\t\t\t<\/div>\n\t\t\t\t<\/div>\n\t\t\t\t\t<\/div>\n\t\t<\/div>\n\t\t\t\t\t<\/div>\n\t\t<\/section>\n\t\t\t\t<\/div>\n\t\t","protected":false},"excerpt":{"rendered":"<p>Matchmaking Services Terms &amp; Conditions By joining Macbeth Matchmaking as a member you are entering into a contract based on these terms and conditions. Payment of the joining fee is acceptance to these terms and conditions. Macbeth Matchmaking may change these terms and conditions from time to time. Engagement The Client acknowledges that he or she has met with a<\/p>\n","protected":false},"author":1,"featured_media":0,"parent":0,"menu_order":0,"comment_status":"closed","ping_status":"open","template":"","meta":{"_acf_changed":false,"footnotes":""},"class_list":["post-7060","page","type-page","status-publish","hentry"],"acf":[],"yoast_head":"<!-- This site is optimized with the Yoast SEO plugin v26.9 - https:\/\/yoast.com\/product\/yoast-seo-wordpress\/ -->\n<title>Terms &amp; Conditions | Macbeth Matchmaking<\/title>\n<meta name=\"description\" content=\"Macbeth Matchmaking est une agence de rencontres d\u2019\u00e9lite qui offre ses services sur mesure \u00e0 une client\u00e8le internationale. D\u00e9couvrez termes et conditions.\" \/>\n<meta name=\"robots\" content=\"index, follow, max-snippet:-1, max-image-preview:large, max-video-preview:-1\" \/>\n<link rel=\"canonical\" href=\"https:\/\/macbeth-matchmaking.com\/fr\/terms-conditions\/\" \/>\n<meta property=\"og:locale\" content=\"fr_FR\" \/>\n<meta property=\"og:type\" content=\"article\" \/>\n<meta property=\"og:title\" content=\"Terms &amp; Conditions | Macbeth Matchmaking\" \/>\n<meta property=\"og:description\" content=\"Macbeth Matchmaking est une agence de rencontres d\u2019\u00e9lite qui offre ses services sur mesure \u00e0 une client\u00e8le internationale. D\u00e9couvrez termes et conditions.\" \/>\n<meta property=\"og:url\" content=\"https:\/\/macbeth-matchmaking.com\/fr\/terms-conditions\/\" \/>\n<meta property=\"og:site_name\" content=\"Macbeth\" \/>\n<meta property=\"article:modified_time\" content=\"2025-06-27T09:24:58+00:00\" \/>\n<meta name=\"twitter:card\" content=\"summary_large_image\" \/>\n<meta name=\"twitter:label1\" content=\"Dur\u00e9e de lecture estim\u00e9e\" \/>\n\t<meta name=\"twitter:data1\" content=\"2 minutes\" \/>\n<!-- \/ Yoast SEO plugin. -->","yoast_head_json":{"title":"Terms & Conditions | Macbeth Matchmaking","description":"Macbeth Matchmaking est une agence de rencontres d\u2019\u00e9lite qui offre ses services sur mesure \u00e0 une client\u00e8le internationale. D\u00e9couvrez termes et conditions.","robots":{"index":"index","follow":"follow","max-snippet":"max-snippet:-1","max-image-preview":"max-image-preview:large","max-video-preview":"max-video-preview:-1"},"canonical":"https:\/\/macbeth-matchmaking.com\/fr\/terms-conditions\/","og_locale":"fr_FR","og_type":"article","og_title":"Terms & Conditions | Macbeth Matchmaking","og_description":"Macbeth Matchmaking est une agence de rencontres d\u2019\u00e9lite qui offre ses services sur mesure \u00e0 une client\u00e8le internationale. D\u00e9couvrez termes et conditions.","og_url":"https:\/\/macbeth-matchmaking.com\/fr\/terms-conditions\/","og_site_name":"Macbeth","article_modified_time":"2025-06-27T09:24:58+00:00","twitter_card":"summary_large_image","twitter_misc":{"Dur\u00e9e de lecture estim\u00e9e":"2 minutes"},"schema":{"@context":"https:\/\/schema.org","@graph":[{"@type":"WebPage","@id":"https:\/\/macbeth-matchmaking.com\/fr\/terms-conditions\/","url":"https:\/\/macbeth-matchmaking.com\/fr\/terms-conditions\/","name":"Terms & Conditions | Macbeth Matchmaking","isPartOf":{"@id":"https:\/\/macbeth-matchmaking.com\/fr\/#website"},"datePublished":"2023-07-31T06:46:35+00:00","dateModified":"2025-06-27T09:24:58+00:00","description":"Macbeth Matchmaking est une agence de rencontres d\u2019\u00e9lite qui offre ses services sur mesure \u00e0 une client\u00e8le internationale. D\u00e9couvrez termes et conditions.","breadcrumb":{"@id":"https:\/\/macbeth-matchmaking.com\/fr\/terms-conditions\/#breadcrumb"},"inLanguage":"fr-FR","potentialAction":[{"@type":"ReadAction","target":["https:\/\/macbeth-matchmaking.com\/fr\/terms-conditions\/"]}]},{"@type":"BreadcrumbList","@id":"https:\/\/macbeth-matchmaking.com\/fr\/terms-conditions\/#breadcrumb","itemListElement":[{"@type":"ListItem","position":1,"name":"Home","item":"https:\/\/macbeth-matchmaking.com\/fr\/"},{"@type":"ListItem","position":2,"name":"Terms &amp; Conditions"}]},{"@type":"WebSite","@id":"https:\/\/macbeth-matchmaking.com\/fr\/#website","url":"https:\/\/macbeth-matchmaking.com\/fr\/","name":"Macbeth","description":"MATCHMAKING","potentialAction":[{"@type":"SearchAction","target":{"@type":"EntryPoint","urlTemplate":"https:\/\/macbeth-matchmaking.com\/fr\/?s={search_term_string}"},"query-input":{"@type":"PropertyValueSpecification","valueRequired":true,"valueName":"search_term_string"}}],"inLanguage":"fr-FR"}]}},"meta_box":[],"_links":{"self":[{"href":"https:\/\/macbeth-matchmaking.com\/fr\/wp-json\/wp\/v2\/pages\/7060","targetHints":{"allow":["GET"]}}],"collection":[{"href":"https:\/\/macbeth-matchmaking.com\/fr\/wp-json\/wp\/v2\/pages"}],"about":[{"href":"https:\/\/macbeth-matchmaking.com\/fr\/wp-json\/wp\/v2\/types\/page"}],"author":[{"embeddable":true,"href":"https:\/\/macbeth-matchmaking.com\/fr\/wp-json\/wp\/v2\/users\/1"}],"replies":[{"embeddable":true,"href":"https:\/\/macbeth-matchmaking.com\/fr\/wp-json\/wp\/v2\/comments?post=7060"}],"version-history":[{"count":2,"href":"https:\/\/macbeth-matchmaking.com\/fr\/wp-json\/wp\/v2\/pages\/7060\/revisions"}],"predecessor-version":[{"id":44526,"href":"https:\/\/macbeth-matchmaking.com\/fr\/wp-json\/wp\/v2\/pages\/7060\/revisions\/44526"}],"wp:attachment":[{"href":"https:\/\/macbeth-matchmaking.com\/fr\/wp-json\/wp\/v2\/media?parent=7060"}],"curies":[{"name":"wp","href":"https:\/\/api.w.org\/{rel}","templated":true}]}}